{"id":27,"date":"2013-07-02T13:12:16","date_gmt":"2013-07-02T11:12:16","guid":{"rendered":"http:\/\/bytove-domy.sk\/?page_id=27"},"modified":"2013-07-02T13:39:40","modified_gmt":"2013-07-02T11:39:40","slug":"praca-s-azbestom","status":"publish","type":"page","link":"http:\/\/bytove-domy.sk\/?page_id=27","title":{"rendered":"Pr\u00e1ca s azbestom"},"content":{"rendered":"<div class='content-column one_half'>\n<div>\u2022Pr\u00e1ca s azbestom je nebezpe\u010dn\u00e1 najm\u00e4 pri manipul\u00e1cii teda demont\u00e1\u017ei jestvuj\u00facich rozvodov kanaliz\u00e1cie, v pr\u00edpade \u017ee pr\u00e1ca je zrealizovan\u00e1 neodborne.<\/div>\n<div>\u2022Zrejme si kladiete ot\u00e1zku pre\u010do sa teda azbest pou\u017e\u00edval? No hlavne v d\u00f4sledku, \u017ee v minulosti neboli zn\u00e1me v\u0161etky ne\u017eiaduce \u00fa\u010dinky azbestu, najm\u00e4 na \u013eudsk\u00fd faktor. Azbest bol v minulosti t\u00fdm najracion\u00e1lnej\u0161\u00edm rie\u0161en\u00edm z d\u00f4vodu jeho vlastnost\u00ed a zauj\u00edmav\u00fd bol aj po finan\u010dnej str\u00e1nke, nako\u013eko bol lacnej\u0161\u00ed ako liatina. Azbest bol vyhovuj\u00faci napr. na rozvody spla\u0161kovej kanaliz\u00e1cie. V s\u00fa\u010dasnosti je azbest na tieto \u00fa\u010dely, ale aj na in\u00e9 zak\u00e1zan\u00fd pou\u017e\u00edva\u0165 v celej Eur\u00f3pskej \u00danii.<\/div>\n<div>\u2022Azbestov\u00e9 siete, samozrejme, vzh\u013eadom na svoje zlo\u017eenie,\u00a0 vl\u00e1kna azbestu a cementov\u00e9 mlieko je ve\u013emi \u013eahk\u00fd a krehk\u00fd stavebn\u00fd materi\u00e1l, \u010do sp\u00f4sobuje poruchovos\u0165 \u2013 havarijn\u00e9 stavy zvisl\u00fdch spla\u0161kov\u00fdch kanaliz\u00e1cii, \u010do n\u00e1s vedie k ich oprav\u00e1m, pr\u00edpadne komplexn\u00fdm v\u00fdmen\u00e1m kanaliza\u010dn\u00fdch rozvodov.<\/div>\n<\/div>\n<div class='content-column one_half last_column'><a href=\"http:\/\/bytove-domy.sk\/wp-content\/uploads\/praca_s_azbestom-212x300.png\"><img loading=\"lazy\" class=\"alignnone size-full wp-image-46\" alt=\"praca_s_azbestom-212x300\" src=\"http:\/\/bytove-domy.sk\/wp-content\/uploads\/praca_s_azbestom-212x300.png\" width=\"212\" height=\"300\" \/><\/a><\/div>\n<div class='clear_column'><\/div>\n","protected":false},"excerpt":{"rendered":"","protected":false},"author":1,"featured_media":0,"parent":10,"menu_order":0,"comment_status":"open","ping_status":"open","template":"onecolumn-page.php","meta":[],"_links":{"self":[{"href":"http:\/\/bytove-domy.sk\/index.php?rest_route=\/wp\/v2\/pages\/27"}],"collection":[{"href":"http:\/\/bytove-domy.sk\/index.php?rest_route=\/wp\/v2\/pages"}],"about":[{"href":"http:\/\/bytove-domy.sk\/index.php?rest_route=\/wp\/v2\/types\/page"}],"author":[{"embeddable":true,"href":"http:\/\/bytove-domy.sk\/index.php?rest_route=\/wp\/v2\/users\/1"}],"replies":[{"embeddable":true,"href":"http:\/\/bytove-domy.sk\/index.php?rest_route=%2Fwp%2Fv2%2Fcomments&post=27"}],"version-history":[{"count":2,"href":"http:\/\/bytove-domy.sk\/index.php?rest_route=\/wp\/v2\/pages\/27\/revisions"}],"predecessor-version":[{"id":47,"href":"http:\/\/bytove-domy.sk\/index.php?rest_route=\/wp\/v2\/pages\/27\/revisions\/47"}],"up":[{"embeddable":true,"href":"http:\/\/bytove-domy.sk\/index.php?rest_route=\/wp\/v2\/pages\/10"}],"wp:attachment":[{"href":"http:\/\/bytove-domy.sk\/index.php?rest_route=%2Fwp%2Fv2%2Fmedia&parent=27"}],"curies":[{"name":"wp","href":"https:\/\/api.w.org\/{rel}","templated":true}]}}