{"id":24,"date":"2013-07-02T13:09:21","date_gmt":"2013-07-02T11:09:21","guid":{"rendered":"http:\/\/bytove-domy.sk\/?page_id=24"},"modified":"2013-07-02T13:40:29","modified_gmt":"2013-07-02T11:40:29","slug":"montazne-prace-pri-komplexnej-vymene-rozvodov-zti","status":"publish","type":"page","link":"http:\/\/bytove-domy.sk\/?page_id=24","title":{"rendered":"Mont\u00e1\u017ene pr\u00e1ce pri komplexnej v\u00fdmene rozvodov ZTI"},"content":{"rendered":"<div class='content-column one_half'>\n<div>\u2022\u017diados\u0165 na region\u00e1lny \u00farad verejn\u00e9ho zdravotn\u00edctva v mieste kde doch\u00e1dza k manipul\u00e1cii s azbestom \/ KOLOK\/<\/div>\n<div>\u2022Po vydan\u00ed povolenia pr\u00edslu\u0161n\u00fdm region\u00e1lnym \u00faradom \u2013hygienikom, predlo\u017e\u00ed mont\u00e1\u017ena organiz\u00e1cia tvz.Pracovn\u00fd postup : PR\u00c1CA s Azbestom.<\/div>\n<div>\u2022Po schv\u00e1len\u00ed legislat\u00edvy sa m\u00f4\u017eu za\u010da\u0165 pr\u00e1ce v Bytovom dome v bytov\u00fdch jadr\u00e1ch.<\/div>\n<div>\u2022Spracuje sa Harmonogram vstupu do bytov.<\/div>\n<div>\u2022Pr\u00e1ce pri komplexnej v\u00fdmene rozvodov s\u00fa rozdelen\u00e9 na dva dni nasledovne :<\/div>\n<div><\/div>\n<p>&nbsp;<\/p>\n<div><strong>1.De\u0148 :<\/strong>\u00a0Demont\u00e1\u017e\u00a0 bytov\u00fdch z\u00e1stien a b\u00faracie pr\u00e1ce cca od 08:00 do 12:00 hod. Odpojenie WC a vody, n\u00e1sledn\u00e1 mont\u00e1\u017e kanaliza\u010dn\u00e9ho potrubia PVC,HT a rozvodu studenej vody SV.<\/div>\n<div><\/div>\n<p>&nbsp;<\/p>\n<div><strong>2.De\u0148 :<\/strong>\u00a0Dokon\u010denie potrubn\u00e9ho rozvodu VODY TUV, TUV-C, n\u00e1sledn\u00e1 tlakov\u00e1 sk\u00fa\u0161ka \u2013 prev\u00e1dzkov\u00e1 a mont\u00e1\u017e potrubn\u00e9ho rozvodu PLYNU Cu. Po mont\u00e1\u017ei v\u0161etk\u00fdch technologick\u00fdch \u010dast\u00ed rozvodov a ich odsk\u00fa\u0161an\u00ed a uveden\u00ed do prev\u00e1dzky nastupuje komplet\u00e1\u017e\u00a0 z\u00e1stien, osadenie z\u00e1chodov\u00fdch m\u00eds.Tak\u00fdto zvolen\u00fd scen\u00e1r bez WC, Vody a Plynu\u00a0 je navrhovan\u00fd pre v\u00e4\u010d\u0161ie aj men\u0161ie bytov\u00e9 domy \u2013 z\u00e1vis\u00ed to od po\u010dtu podla\u017e\u00ed, od po\u010dtu v\u00fdmeny\u00a0 rozvodov v 1 bytovom jadre \u2013 tento postup sa uplat\u0148uje pri komplexnej v\u00fdmene st\u00fapa\u010dkov\u00fdch rozvodov ZTI tj.<\/div>\n<div><\/div>\n<div>&#8211; KANALIZ\u00c1CIA<br \/>\n&#8211; VODA sv, tuv, tuv-c<br \/>\n&#8211; PLYN Cu<\/div>\n<div>\n<p>Celkov\u00fd postup pr\u00e1c ako aj jednotliv\u00e9 odst\u00e1vky v bytoch bud\u00fa prekonzultovan\u00e9 s vlastn\u00edkmi bytov pri tvoren\u00ed harmonogramu pr\u00e1c.<br \/>\nV pr\u00edpade ne\u00fa\u010dasti \u010do i len jedn\u00e9ho bytu na st\u00fapa\u010dkovej zostave sa pr\u00e1ce nem\u00f4\u017eu ani za\u010da\u0165 realizova\u0165, t.j. v pr\u00edpade \u017ee z 8 bytov 1 bude ch\u00fdba\u0165 \u2013 pr\u00e1ce sa nem\u00f4\u017eu za\u010da\u0165 pre kompaktnos\u0165 s\u00fastavy ZTI.<\/p>\n<\/div>\n<\/div>\n<div class='content-column one_half last_column'><a href=\"http:\/\/bytove-domy.sk\/wp-content\/uploads\/vymena_rozvodov_ZTI.png\"><img loading=\"lazy\" class=\"alignnone size-full wp-image-48\" alt=\"vymena_rozvodov_ZTI\" src=\"http:\/\/bytove-domy.sk\/wp-content\/uploads\/vymena_rozvodov_ZTI.png\" width=\"287\" height=\"300\" \/><\/a><\/div>\n<div class='clear_column'><\/div>\n","protected":false},"excerpt":{"rendered":"","protected":false},"author":1,"featured_media":0,"parent":10,"menu_order":0,"comment_status":"open","ping_status":"open","template":"onecolumn-page.php","meta":[],"_links":{"self":[{"href":"http:\/\/bytove-domy.sk\/index.php?rest_route=\/wp\/v2\/pages\/24"}],"collection":[{"href":"http:\/\/bytove-domy.sk\/index.php?rest_route=\/wp\/v2\/pages"}],"about":[{"href":"http:\/\/bytove-domy.sk\/index.php?rest_route=\/wp\/v2\/types\/page"}],"author":[{"embeddable":true,"href":"http:\/\/bytove-domy.sk\/index.php?rest_route=\/wp\/v2\/users\/1"}],"replies":[{"embeddable":true,"href":"http:\/\/bytove-domy.sk\/index.php?rest_route=%2Fwp%2Fv2%2Fcomments&post=24"}],"version-history":[{"count":3,"href":"http:\/\/bytove-domy.sk\/index.php?rest_route=\/wp\/v2\/pages\/24\/revisions"}],"predecessor-version":[{"id":26,"href":"http:\/\/bytove-domy.sk\/index.php?rest_route=\/wp\/v2\/pages\/24\/revisions\/26"}],"up":[{"embeddable":true,"href":"http:\/\/bytove-domy.sk\/index.php?rest_route=\/wp\/v2\/pages\/10"}],"wp:attachment":[{"href":"http:\/\/bytove-domy.sk\/index.php?rest_route=%2Fwp%2Fv2%2Fmedia&parent=24"}],"curies":[{"name":"wp","href":"https:\/\/api.w.org\/{rel}","templated":true}]}}