{"id":22,"date":"2013-07-02T13:07:29","date_gmt":"2013-07-02T11:07:29","guid":{"rendered":"http:\/\/bytove-domy.sk\/?page_id=22"},"modified":"2013-07-02T13:43:36","modified_gmt":"2013-07-02T11:43:36","slug":"komplexne-riesenia-vymeny-rozvodov-zti","status":"publish","type":"page","link":"http:\/\/bytove-domy.sk\/?page_id=22","title":{"rendered":"Komplexn\u00e9 rie\u0161enia v\u00fdmeny rozvodov ZTI"},"content":{"rendered":"<div class='content-column one_half'>\n<div>\u2022V s\u00fa\u010dasnosti sme v obdob\u00ed, kedy na\u0161e bytov\u00e9 domy prebiehaj\u00fa komplexn\u00fdmi obnovami vo v\u0161etk\u00fdch smeroch t.j.: POSTUPNOS\u0164<\/div>\n<div><\/div>\n<div>\u2022Hydraulick\u00e9 vyregulovanie UK a TUV<\/div>\n<div>\u2022Odovzdanie, v\u00fdroba a regul\u00e1cia tepla a teplej \u00fa\u017eitkovej vody na p\u00e4te domu \u2013 KOS.<\/div>\n<div>\u2022V\u00fdmena stre\u0161nej krytiny + izol\u00e1cia striech<\/div>\n<div>\u2022V\u00fdmena v\u00fdpl\u0148ov\u00fdch kon\u0161trukcii \u2013 OKIEN<\/div>\n<div>\u2022V\u00fdmena v\u00fdpl\u0148ov\u00fdch kon\u0161trukcii \u2013 DVER\u00cd<\/div>\n<div>\u2022Zateplenie obvodov\u00e9ho pl\u00e1\u0161\u0165a \u2013 fas\u00e1da<\/div>\n<div>\u2022V\u00fdmena zvisl\u00fdch rozvodov KANALIZ\u00c1CIE<\/div>\n<div>\u2022V\u00fdmena zvisl\u00fdch rozvodov VODY sv, tuv<\/div>\n<div>\u2022V\u00fdmena zvisl\u00fdch rozvodov PLYNU<\/div>\n<div>\u2022V\u00fdmena elektrick\u00fdch rozvodov a in\u00e9<\/div>\n<\/div>\n<div class='content-column one_half last_column'><a href=\"http:\/\/bytove-domy.sk\/wp-content\/uploads\/ZTI_1.png\"><img loading=\"lazy\" class=\"alignnone size-medium wp-image-52\" alt=\"ZTI_1\" src=\"http:\/\/bytove-domy.sk\/wp-content\/uploads\/ZTI_1.png\" width=\"124\" height=\"168\" \/><\/a> <a href=\"http:\/\/bytove-domy.sk\/wp-content\/uploads\/ZTI_2.png\"><img loading=\"lazy\" class=\"alignnone size-medium wp-image-53\" alt=\"ZTI_2\" src=\"http:\/\/bytove-domy.sk\/wp-content\/uploads\/ZTI_2.png\" width=\"124\" height=\"168\" \/><\/a><\/div>\n<div class='clear_column'><\/div>\n<div class='content-column one_half'>\n<div>\u2022Vzh\u013eadom na technick\u00fd stav potrubn\u00fdch rozvodov ZTI je v s\u00fa\u010dasnosti jedin\u00fdm rie\u0161en\u00edm ich v\u00fdmena. Samozrejme ich komplexn\u00e1 v\u00fdmena je finan\u010dne n\u00e1ro\u010dn\u00e1, ale je potrebn\u00e9 to posudzova\u0165 z h\u013eadiska dlhodobej\u0161ieho, ur\u010dite \u010diasto\u010dn\u00e9 v\u00fdmeny alebo odstra\u0148ovanie por\u00fach Poruchy s\u00fa \u010dastokr\u00e1t drah\u0161ie ako ich komplexn\u00e1 v\u00fdmena. Pokia\u013e spolo\u010denstvo rie\u0161i s\u00fastavn\u00e9 probl\u00e9my a poruchy na st\u00fapa\u010dkov\u00fdch rozvodoch, ur\u010dite racion\u00e1lnym rie\u0161en\u00edm aj ke\u010f drah\u0161\u00edm je ich kompletn\u00e1 v\u00fdmena, teda kanaliz\u00e1cia ,voda a\u00a0 plyn naraz \u2013 menej prestojov, 1x demont\u00e1\u017e z\u00e1sten, 1x mont\u00e1\u017e z\u00e1sten, ale hlavne komplexn\u00e9 zastre\u0161enie siet\u00ed ZTI, t.j. bezstarostn\u00e9 u\u017e\u00edvanie cca 30 rokov, mo\u017eno viac&#8230;&#8230;&#8230;&#8230;<\/div>\n<div>\u2022Na obr\u00e1zku je mo\u017en\u00e9\u00a0 vidie\u0165 NESPR\u00c1VNE napojenie WC na st\u00fapa\u010dku kanaliz\u00e1cie, preto je potrebn\u00e9 pri v\u0161etk\u00fdch\u00a0 technol\u00f3gi\u00e1ch postupova\u0165\u00a0 odborne v zmysle normy.<\/div>\n<div><\/div>\n<\/div>\n<div><\/div>\n<div>\n<div class='content-column one_half last_column'><\/div>\n<div><a href=\"http:\/\/bytove-domy.sk\/wp-content\/uploads\/potrubie-224x300.png\"><img loading=\"lazy\" class=\"alignnone size-full wp-image-51\" alt=\"potrubie-224x300\" src=\"http:\/\/bytove-domy.sk\/wp-content\/uploads\/potrubie-224x300.png\" width=\"224\" height=\"300\" \/><\/a><\/div>\n<div><\/div>\n<div class='clear_column'><\/div>\n<\/div>\n","protected":false},"excerpt":{"rendered":"","protected":false},"author":1,"featured_media":0,"parent":10,"menu_order":0,"comment_status":"open","ping_status":"open","template":"onecolumn-page.php","meta":[],"_links":{"self":[{"href":"http:\/\/bytove-domy.sk\/index.php?rest_route=\/wp\/v2\/pages\/22"}],"collection":[{"href":"http:\/\/bytove-domy.sk\/index.php?rest_route=\/wp\/v2\/pages"}],"about":[{"href":"http:\/\/bytove-domy.sk\/index.php?rest_route=\/wp\/v2\/types\/page"}],"author":[{"embeddable":true,"href":"http:\/\/bytove-domy.sk\/index.php?rest_route=\/wp\/v2\/users\/1"}],"replies":[{"embeddable":true,"href":"http:\/\/bytove-domy.sk\/index.php?rest_route=%2Fwp%2Fv2%2Fcomments&post=22"}],"version-history":[{"count":4,"href":"http:\/\/bytove-domy.sk\/index.php?rest_route=\/wp\/v2\/pages\/22\/revisions"}],"predecessor-version":[{"id":55,"href":"http:\/\/bytove-domy.sk\/index.php?rest_route=\/wp\/v2\/pages\/22\/revisions\/55"}],"up":[{"embeddable":true,"href":"http:\/\/bytove-domy.sk\/index.php?rest_route=\/wp\/v2\/pages\/10"}],"wp:attachment":[{"href":"http:\/\/bytove-domy.sk\/index.php?rest_route=%2Fwp%2Fv2%2Fmedia&parent=22"}],"curies":[{"name":"wp","href":"https:\/\/api.w.org\/{rel}","templated":true}]}}