{"id":12,"date":"2013-07-02T12:59:19","date_gmt":"2013-07-02T10:59:19","guid":{"rendered":"http:\/\/bytove-domy.sk\/?page_id=12"},"modified":"2013-07-02T13:28:53","modified_gmt":"2013-07-02T11:28:53","slug":"kontakt","status":"publish","type":"page","link":"http:\/\/bytove-domy.sk\/?page_id=12","title":{"rendered":"Kontakt"},"content":{"rendered":"<p><strong>BYTOV\u00c9 DOMY s.r.o.<\/strong><br \/>\n<strong>Doln\u00e9 H\u00e1mre 830<\/strong><br \/>\n<strong>966 61<\/strong><br \/>\n<strong>Hodru\u0161a \u2013 H\u00e1mre<\/strong><\/p>\n<p><strong>I\u010cO : 47 010 720<\/strong><br \/>\n<strong>DI\u010c : 202 370 5937<\/strong><\/p>\n<p><strong>045\/ 684 41 62 \u2013 tel.\/fax.,<\/strong><br \/>\n<em id=\"__mceDel\"><strong>0918 533 011, 0910 920 208<br \/>\n<\/strong><em id=\"__mceDel\"><strong>info@bytove-domy.sk<\/strong><\/em><\/em><\/p>\n<p>V pr\u00edpade z\u00e1ujmu n\u00e1s nev\u00e1hajte kontaktova\u0165 aj formou formul\u00e1ra, ktor\u00fd sa nach\u00e1dza poni\u017ee.<\/p>\n<div role=\"form\" class=\"wpcf7\" id=\"wpcf7-f43-o1\" lang=\"en-US\" dir=\"ltr\">\n<div class=\"screen-reader-response\">\n<p role=\"status\" aria-live=\"polite\" aria-atomic=\"true\">\n<ul><\/ul>\n<\/div>\n<form action=\"\/index.php?rest_route=%2Fwp%2Fv2%2Fpages%2F12#wpcf7-f43-o1\" method=\"post\" class=\"wpcf7-form init\" novalidate=\"novalidate\" data-status=\"init\">\n<div style=\"display: none;\">\n<input type=\"hidden\" name=\"_wpcf7\" value=\"43\" \/><br \/>\n<input type=\"hidden\" name=\"_wpcf7_version\" value=\"5.5.6\" \/><br \/>\n<input type=\"hidden\" name=\"_wpcf7_locale\" value=\"en_US\" \/><br \/>\n<input type=\"hidden\" name=\"_wpcf7_unit_tag\" value=\"wpcf7-f43-o1\" \/><br \/>\n<input type=\"hidden\" name=\"_wpcf7_container_post\" value=\"0\" \/><br \/>\n<input type=\"hidden\" name=\"_wpcf7_posted_data_hash\" value=\"\" \/>\n<\/div>\n<p>Va\u0161e meno (povinn\u00e9)<br \/>\n    <span class=\"wpcf7-form-control-wrap your-name\"><input type=\"text\" name=\"your-name\" value=\"\" size=\"40\" class=\"wpcf7-form-control wpcf7-text wpcf7-validates-as-required\" aria-required=\"true\" aria-invalid=\"false\" \/><\/span> <\/p>\n<p>Va\u0161e telef\u00f3nne \u010d\u00edslo (nepovinn\u00e9) <\/p>\n<p>  <span class=\"wpcf7-form-control-wrap tel-781\"><input type=\"tel\" name=\"tel-781\" value=\"\" size=\"40\" class=\"wpcf7-form-control wpcf7-text wpcf7-tel wpcf7-validates-as-tel\" aria-invalid=\"false\" \/><\/span><\/p>\n<p>V\u00e1\u0161 email (povinn\u00e9)<br \/>\n    <span class=\"wpcf7-form-control-wrap your-email\"><input type=\"email\" name=\"your-email\" value=\"\" size=\"40\" class=\"wpcf7-form-control wpcf7-text wpcf7-email wpcf7-validates-as-required wpcf7-validates-as-email\" aria-required=\"true\" aria-invalid=\"false\" \/><\/span> <\/p>\n<p>Predmet<br \/>\n    <span class=\"wpcf7-form-control-wrap your-subject\"><input type=\"text\" name=\"your-subject\" value=\"\" size=\"40\" class=\"wpcf7-form-control wpcf7-text\" aria-invalid=\"false\" \/><\/span> <\/p>\n<p>Va\u0161a spr\u00e1va<br \/>\n    <span class=\"wpcf7-form-control-wrap your-message\"><textarea name=\"your-message\" cols=\"40\" rows=\"10\" class=\"wpcf7-form-control wpcf7-textarea\" aria-invalid=\"false\"><\/textarea><\/span> <\/p>\n<p><input type=\"submit\" value=\"Odo\u0161li\" class=\"wpcf7-form-control has-spinner wpcf7-submit\" \/><\/p>\n<div class=\"wpcf7-response-output\" aria-hidden=\"true\"><\/div>\n<\/form>\n<\/div>\n","protected":false},"excerpt":{"rendered":"<p>BYTOV\u00c9 DOMY s.r.o. Doln\u00e9 H\u00e1mre 830 966 61 Hodru\u0161a \u2013 H\u00e1mre I\u010cO : 47 010 720 DI\u010c : 202 370 5937 045\/ 684 41 62 \u2013 tel.\/fax., 0918 533 011, 0910 920 208 info@bytove-domy.sk V pr\u00edpade z\u00e1ujmu n\u00e1s nev\u00e1hajte kontaktova\u0165 aj formou formul\u00e1ra, ktor\u00fd sa nach\u00e1dza poni\u017ee.<\/p>\n","protected":false},"author":1,"featured_media":0,"parent":0,"menu_order":0,"comment_status":"open","ping_status":"open","template":"onecolumn-page.php","meta":[],"_links":{"self":[{"href":"http:\/\/bytove-domy.sk\/index.php?rest_route=\/wp\/v2\/pages\/12"}],"collection":[{"href":"http:\/\/bytove-domy.sk\/index.php?rest_route=\/wp\/v2\/pages"}],"about":[{"href":"http:\/\/bytove-domy.sk\/index.php?rest_route=\/wp\/v2\/types\/page"}],"author":[{"embeddable":true,"href":"http:\/\/bytove-domy.sk\/index.php?rest_route=\/wp\/v2\/users\/1"}],"replies":[{"embeddable":true,"href":"http:\/\/bytove-domy.sk\/index.php?rest_route=%2Fwp%2Fv2%2Fcomments&post=12"}],"version-history":[{"count":4,"href":"http:\/\/bytove-domy.sk\/index.php?rest_route=\/wp\/v2\/pages\/12\/revisions"}],"predecessor-version":[{"id":44,"href":"http:\/\/bytove-domy.sk\/index.php?rest_route=\/wp\/v2\/pages\/12\/revisions\/44"}],"wp:attachment":[{"href":"http:\/\/bytove-domy.sk\/index.php?rest_route=%2Fwp%2Fv2%2Fmedia&parent=12"}],"curies":[{"name":"wp","href":"https:\/\/api.w.org\/{rel}","templated":true}]}}