{"id":10,"date":"2013-07-02T12:59:07","date_gmt":"2013-07-02T10:59:07","guid":{"rendered":"http:\/\/bytove-domy.sk\/?page_id=10"},"modified":"2013-07-02T13:44:23","modified_gmt":"2013-07-02T11:44:23","slug":"ponuka","status":"publish","type":"page","link":"http:\/\/bytove-domy.sk\/?page_id=10","title":{"rendered":"Ponuka"},"content":{"rendered":"<ul>\n<li><a href=\"http:\/\/bytove-domy.sk\/?page_id=27\">Pr\u00e1ca s azbestom<\/a><\/li>\n<li><a href=\"http:\/\/bytove-domy.sk\/?page_id=22\">Komplexn\u00e9 rie\u0161enia v\u00fdmeny rozvodov ZTI<\/a><\/li>\n<li><a href=\"http:\/\/bytove-domy.sk\/?page_id=24\">Mont\u00e1\u017ene pr\u00e1ce pri komplexnej v\u00fdmene rozvodov ZTI Kanaliz\u00e1cia, VODA sv,tuv,tuv-c, Plyn<\/a><\/li>\n<li>Kompletn\u00e9 realiz\u00e1cie rekon\u0161trukci\u00ed balk\u00f3nov pre bytov\u00e9 domy za priazniv\u00e9 ceny<\/li>\n<li>Dod\u00e1vku informa\u010dn\u00fdch interi\u00e9rov\u00fdch vitr\u00edn pre oznamy, parkov\u00e9 lavi\u010dky, odpadkov\u00e9 ko\u0161e,&#8230; .<\/li>\n<\/ul>\n","protected":false},"excerpt":{"rendered":"<p>Pr\u00e1ca s azbestom Komplexn\u00e9 rie\u0161enia v\u00fdmeny rozvodov ZTI Mont\u00e1\u017ene pr\u00e1ce pri komplexnej v\u00fdmene rozvodov ZTI Kanaliz\u00e1cia, VODA sv,tuv,tuv-c, Plyn Kompletn\u00e9 realiz\u00e1cie rekon\u0161trukci\u00ed balk\u00f3nov pre bytov\u00e9 domy za priazniv\u00e9 ceny Dod\u00e1vku informa\u010dn\u00fdch interi\u00e9rov\u00fdch vitr\u00edn pre oznamy, parkov\u00e9 lavi\u010dky, odpadkov\u00e9 ko\u0161e,&#8230; .<\/p>\n","protected":false},"author":1,"featured_media":0,"parent":0,"menu_order":0,"comment_status":"open","ping_status":"open","template":"onecolumn-page.php","meta":[],"_links":{"self":[{"href":"http:\/\/bytove-domy.sk\/index.php?rest_route=\/wp\/v2\/pages\/10"}],"collection":[{"href":"http:\/\/bytove-domy.sk\/index.php?rest_route=\/wp\/v2\/pages"}],"about":[{"href":"http:\/\/bytove-domy.sk\/index.php?rest_route=\/wp\/v2\/types\/page"}],"author":[{"embeddable":true,"href":"http:\/\/bytove-domy.sk\/index.php?rest_route=\/wp\/v2\/users\/1"}],"replies":[{"embeddable":true,"href":"http:\/\/bytove-domy.sk\/index.php?rest_route=%2Fwp%2Fv2%2Fcomments&post=10"}],"version-history":[{"count":9,"href":"http:\/\/bytove-domy.sk\/index.php?rest_route=\/wp\/v2\/pages\/10\/revisions"}],"predecessor-version":[{"id":56,"href":"http:\/\/bytove-domy.sk\/index.php?rest_route=\/wp\/v2\/pages\/10\/revisions\/56"}],"wp:attachment":[{"href":"http:\/\/bytove-domy.sk\/index.php?rest_route=%2Fwp%2Fv2%2Fmedia&parent=10"}],"curies":[{"name":"wp","href":"https:\/\/api.w.org\/{rel}","templated":true}]}}